{"id":598,"date":"2023-10-24T20:15:11","date_gmt":"2023-10-25T02:15:11","guid":{"rendered":"https:\/\/rarn.usac.edu.gt\/?page_id=598"},"modified":"2024-02-27T12:49:50","modified_gmt":"2024-02-27T18:49:50","slug":"instrucciones-a-los-autores","status":"publish","type":"page","link":"https:\/\/rarn.usac.edu.gt\/en\/instrucciones-a-los-autores\/","title":{"rendered":"Author Instructions"},"content":{"rendered":"<p><strong>Instrucciones para la elaboraci\u00f3n de los trabajos<\/strong><\/p>\n\n\n\n<p>Los criterios que los autores deben tomar en cuenta para la elaboraci\u00f3n de los trabajos son siguientes:<\/p>\n\n\n\n<p><strong>P\u00e1rrafos<\/strong><\/p>\n\n\n\n<p>Es preferible que sean p\u00e1rrafos con una extensi\u00f3n de ocho a 10 l\u00edneas. Es importante agregar datos estad\u00edsticos y gr\u00e1ficas (fotos y figuras se recibir\u00e1n en formato jpg y los cuadros y gr\u00e1ficos en formato MS Excel o Word). El entrelineado es doble<\/p>\n\n\n\n<p><strong>Tipo de letra<\/strong><\/p>\n\n\n\n<p>Se puede usar el tipo de letra Arial 11 pts. o bien Times New Roman, 12 pts.<\/p>\n\n\n\n<p><strong>Normas de escritura<\/strong><\/p>\n\n\n\n<p>Para su redacci\u00f3n, los trabajos deben cumplir los lineamientos de las normas de la Asociaci\u00f3n Psicol\u00f3gica Americana (APA), 7ma edici\u00f3n, actualizaci\u00f3n 2023.<\/p>\n\n\n\n<p><strong>Referencias bibliogr\u00e1ficas<\/strong><\/p>\n\n\n\n<p>Las referencias bibliogr\u00e1ficas deben colocarse al final del trabajo y elaborarse de acuerdo con las normas de la Asociaci\u00f3n Psicol\u00f3gica Americana (APA), 7ma edici\u00f3n, actualizaci\u00f3n 2023. Se deben incluir \u00fanicamente las citadas en el texto del art\u00edculo.<\/p>\n\n\n\n<p><strong>Notas al pie de p\u00e1gina<\/strong><\/p>\n\n\n\n<p>Las notas al pie de p\u00e1gina deben colocarse en la p\u00e1gina del texto al cual hace referencia. Deben usarse n\u00fameros ar\u00e1bigos.<\/p>\n\n\n\n<p><strong>Resumen y palabras clave en dos idiomas<\/strong><\/p>\n\n\n\n<p>Tanto el resumen como las palabras clave deben presentarse en dos idiomas, espa\u00f1ol e ingl\u00e9s. El resumen debe tener una extensi\u00f3n m\u00e1xima de 250 palabras y deben incluirse cinco palabras clave.<\/p>\n\n\n\n<p><strong>T\u00edtulo de los art\u00edculos<\/strong><\/p>\n\n\n\n<p>Cada art\u00edculo debe contener un t\u00edtulo (con extensi\u00f3n no mayor de 50 caracteres con espacio);<\/p>\n\n\n\n<p><strong>Identificaci\u00f3n de los autores<\/strong><\/p>\n\n\n\n<p>Los trabajos deben estar firmados por los autores con nombres y apellidos, as\u00ed como el cargo institucional o grado acad\u00e9mico y su direcci\u00f3n de correo electr\u00f3nico.<\/p>\n\n\n\n<p><strong>Contenido original<\/strong><\/p>\n\n\n\n<p>Al menos el 40% de los documentos publicados deben ser trabajos de investigaci\u00f3n, comunicaci\u00f3n cient\u00edfica o creaci\u00f3n originales: art\u00edculos originales de investigaci\u00f3n, art\u00edculos de revisi\u00f3n, art\u00edculos de opini\u00f3n, ensayos y casos cl\u00ednicos.<\/p>\n\n\n\n<p><strong>Afiliaci\u00f3n<\/strong><\/p>\n\n\n\n<p>Cada art\u00edculo debe incluir el nombre completo de la instituci\u00f3n de trabajo de la persona autora, o en su caso, declaraci\u00f3n de la persona trabajadora independiente.<\/p>\n\n\n\n<hr class=\"wp-block-separator has-alpha-channel-opacity\"\/>\n\n\n\n<p><strong>Los aportes deben ser enviados en formato Microsoft Word (MS) a las direcciones electr\u00f3nicas siguientes: <a href=\"mailto:ipn@usac.edu.gt\">ipn@usac.edu.gt<\/a>; <a href=\"mailto:ipnusac@gmail.com\">ipnusac@gmail.com<\/a> <\/strong>\u00a0<\/p>\n\n\n\n<figure class=\"wp-block-gallery has-nested-images columns-default is-cropped wp-block-gallery-1 is-layout-flex wp-block-gallery-is-layout-flex\"><\/figure>","protected":false},"excerpt":{"rendered":"<p>Instrucciones para la elaboraci\u00f3n de los trabajos Los criterios que los autores deben tomar en cuenta para la elaboraci\u00f3n de los trabajos son siguientes: P\u00e1rrafos Es preferible que sean p\u00e1rrafos con una extensi\u00f3n de ocho a 10 l\u00edneas. Es importante agregar datos estad\u00edsticos y gr\u00e1ficas (fotos y figuras se recibir\u00e1n en formato jpg y los [&hellip;]<\/p>","protected":false},"author":1,"featured_media":0,"parent":0,"menu_order":0,"comment_status":"closed","ping_status":"closed","template":"","meta":{"footnotes":""},"class_list":["post-598","page","type-page","status-publish","czr-hentry"],"yoast_head":"<!-- This site is optimized with the Yoast SEO plugin v23.4 - https:\/\/yoast.com\/wordpress\/plugins\/seo\/ -->\n<title>Instrucciones a los Autores - An\u00e1lisis de la Realidad Nacional<\/title>\n<meta name=\"robots\" content=\"index, follow, max-snippet:-1, max-image-preview:large, max-video-preview:-1\" \/>\n<link rel=\"canonical\" href=\"https:\/\/rarn.usac.edu.gt\/en\/instrucciones-a-los-autores\/\" \/>\n<meta property=\"og:locale\" content=\"en_US\" \/>\n<meta property=\"og:type\" content=\"article\" \/>\n<meta property=\"og:title\" content=\"Instrucciones a los Autores - An\u00e1lisis de la Realidad Nacional\" \/>\n<meta property=\"og:description\" content=\"Instrucciones para la elaboraci\u00f3n de los trabajos Los criterios que los autores deben tomar en cuenta para la elaboraci\u00f3n de los trabajos son siguientes: P\u00e1rrafos Es preferible que sean p\u00e1rrafos con una extensi\u00f3n de ocho a 10 l\u00edneas. Es importante agregar datos estad\u00edsticos y gr\u00e1ficas (fotos y figuras se recibir\u00e1n en formato jpg y los [&hellip;]\" \/>\n<meta property=\"og:url\" content=\"https:\/\/rarn.usac.edu.gt\/en\/instrucciones-a-los-autores\/\" \/>\n<meta property=\"og:site_name\" content=\"An\u00e1lisis de la Realidad Nacional\" \/>\n<meta property=\"article:modified_time\" content=\"2024-02-27T18:49:50+00:00\" \/>\n<meta name=\"twitter:card\" content=\"summary_large_image\" \/>\n<meta name=\"twitter:label1\" content=\"Est. reading time\" \/>\n\t<meta name=\"twitter:data1\" content=\"2 minutes\" \/>\n<script type=\"application\/ld+json\" class=\"yoast-schema-graph\">{\"@context\":\"https:\/\/schema.org\",\"@graph\":[{\"@type\":\"WebPage\",\"@id\":\"https:\/\/rarn.usac.edu.gt\/instrucciones-a-los-autores\/\",\"url\":\"https:\/\/rarn.usac.edu.gt\/instrucciones-a-los-autores\/\",\"name\":\"Instrucciones a los Autores - An\u00e1lisis de la Realidad Nacional\",\"isPartOf\":{\"@id\":\"https:\/\/rarn.usac.edu.gt\/#website\"},\"datePublished\":\"2023-10-25T02:15:11+00:00\",\"dateModified\":\"2024-02-27T18:49:50+00:00\",\"breadcrumb\":{\"@id\":\"https:\/\/rarn.usac.edu.gt\/instrucciones-a-los-autores\/#breadcrumb\"},\"inLanguage\":\"en-US\",\"potentialAction\":[{\"@type\":\"ReadAction\",\"target\":[\"https:\/\/rarn.usac.edu.gt\/instrucciones-a-los-autores\/\"]}]},{\"@type\":\"BreadcrumbList\",\"@id\":\"https:\/\/rarn.usac.edu.gt\/instrucciones-a-los-autores\/#breadcrumb\",\"itemListElement\":[{\"@type\":\"ListItem\",\"position\":1,\"name\":\"Portada\",\"item\":\"https:\/\/rarn.usac.edu.gt\/\"},{\"@type\":\"ListItem\",\"position\":2,\"name\":\"Instrucciones a los Autores\"}]},{\"@type\":\"WebSite\",\"@id\":\"https:\/\/rarn.usac.edu.gt\/#website\",\"url\":\"https:\/\/rarn.usac.edu.gt\/\",\"name\":\"An\u00e1lisis de la Realidad Nacional\",\"description\":\"Revista An\u00e1lisis de la Realidad Nacional\",\"publisher\":{\"@id\":\"https:\/\/rarn.usac.edu.gt\/#organization\"},\"potentialAction\":[{\"@type\":\"SearchAction\",\"target\":{\"@type\":\"EntryPoint\",\"urlTemplate\":\"https:\/\/rarn.usac.edu.gt\/?s={search_term_string}\"},\"query-input\":{\"@type\":\"PropertyValueSpecification\",\"valueRequired\":true,\"valueName\":\"search_term_string\"}}],\"inLanguage\":\"en-US\"},{\"@type\":\"Organization\",\"@id\":\"https:\/\/rarn.usac.edu.gt\/#organization\",\"name\":\"An\u00e1lisis de la Realidad Nacional\",\"url\":\"https:\/\/rarn.usac.edu.gt\/\",\"logo\":{\"@type\":\"ImageObject\",\"inLanguage\":\"en-US\",\"@id\":\"https:\/\/rarn.usac.edu.gt\/#\/schema\/logo\/image\/\",\"url\":\"https:\/\/rarn.usac.edu.gt\/wp-content\/uploads\/2023\/11\/Main_Banner.png\",\"contentUrl\":\"https:\/\/rarn.usac.edu.gt\/wp-content\/uploads\/2023\/11\/Main_Banner.png\",\"width\":1920,\"height\":300,\"caption\":\"An\u00e1lisis de la Realidad Nacional\"},\"image\":{\"@id\":\"https:\/\/rarn.usac.edu.gt\/#\/schema\/logo\/image\/\"}}]}<\/script>\n<!-- \/ Yoast SEO plugin. -->","yoast_head_json":{"title":"Instrucciones a los Autores - An\u00e1lisis de la Realidad Nacional","robots":{"index":"index","follow":"follow","max-snippet":"max-snippet:-1","max-image-preview":"max-image-preview:large","max-video-preview":"max-video-preview:-1"},"canonical":"https:\/\/rarn.usac.edu.gt\/en\/instrucciones-a-los-autores\/","og_locale":"en_US","og_type":"article","og_title":"Instrucciones a los Autores - An\u00e1lisis de la Realidad Nacional","og_description":"Instrucciones para la elaboraci\u00f3n de los trabajos Los criterios que los autores deben tomar en cuenta para la elaboraci\u00f3n de los trabajos son siguientes: P\u00e1rrafos Es preferible que sean p\u00e1rrafos con una extensi\u00f3n de ocho a 10 l\u00edneas. Es importante agregar datos estad\u00edsticos y gr\u00e1ficas (fotos y figuras se recibir\u00e1n en formato jpg y los [&hellip;]","og_url":"https:\/\/rarn.usac.edu.gt\/en\/instrucciones-a-los-autores\/","og_site_name":"An\u00e1lisis de la Realidad Nacional","article_modified_time":"2024-02-27T18:49:50+00:00","twitter_card":"summary_large_image","twitter_misc":{"Est. reading time":"2 minutes"},"schema":{"@context":"https:\/\/schema.org","@graph":[{"@type":"WebPage","@id":"https:\/\/rarn.usac.edu.gt\/instrucciones-a-los-autores\/","url":"https:\/\/rarn.usac.edu.gt\/instrucciones-a-los-autores\/","name":"Instrucciones a los Autores - An\u00e1lisis de la Realidad Nacional","isPartOf":{"@id":"https:\/\/rarn.usac.edu.gt\/#website"},"datePublished":"2023-10-25T02:15:11+00:00","dateModified":"2024-02-27T18:49:50+00:00","breadcrumb":{"@id":"https:\/\/rarn.usac.edu.gt\/instrucciones-a-los-autores\/#breadcrumb"},"inLanguage":"en-US","potentialAction":[{"@type":"ReadAction","target":["https:\/\/rarn.usac.edu.gt\/instrucciones-a-los-autores\/"]}]},{"@type":"BreadcrumbList","@id":"https:\/\/rarn.usac.edu.gt\/instrucciones-a-los-autores\/#breadcrumb","itemListElement":[{"@type":"ListItem","position":1,"name":"Portada","item":"https:\/\/rarn.usac.edu.gt\/"},{"@type":"ListItem","position":2,"name":"Instrucciones a los Autores"}]},{"@type":"WebSite","@id":"https:\/\/rarn.usac.edu.gt\/#website","url":"https:\/\/rarn.usac.edu.gt\/","name":"An\u00e1lisis de la Realidad Nacional","description":"Revista An\u00e1lisis de la Realidad Nacional","publisher":{"@id":"https:\/\/rarn.usac.edu.gt\/#organization"},"potentialAction":[{"@type":"SearchAction","target":{"@type":"EntryPoint","urlTemplate":"https:\/\/rarn.usac.edu.gt\/?s={search_term_string}"},"query-input":{"@type":"PropertyValueSpecification","valueRequired":true,"valueName":"search_term_string"}}],"inLanguage":"en-US"},{"@type":"Organization","@id":"https:\/\/rarn.usac.edu.gt\/#organization","name":"An\u00e1lisis de la Realidad Nacional","url":"https:\/\/rarn.usac.edu.gt\/","logo":{"@type":"ImageObject","inLanguage":"en-US","@id":"https:\/\/rarn.usac.edu.gt\/#\/schema\/logo\/image\/","url":"https:\/\/rarn.usac.edu.gt\/wp-content\/uploads\/2023\/11\/Main_Banner.png","contentUrl":"https:\/\/rarn.usac.edu.gt\/wp-content\/uploads\/2023\/11\/Main_Banner.png","width":1920,"height":300,"caption":"An\u00e1lisis de la Realidad Nacional"},"image":{"@id":"https:\/\/rarn.usac.edu.gt\/#\/schema\/logo\/image\/"}}]}},"post_mailing_queue_ids":[],"_links":{"self":[{"href":"https:\/\/rarn.usac.edu.gt\/en\/wp-json\/wp\/v2\/pages\/598","targetHints":{"allow":["GET"]}}],"collection":[{"href":"https:\/\/rarn.usac.edu.gt\/en\/wp-json\/wp\/v2\/pages"}],"about":[{"href":"https:\/\/rarn.usac.edu.gt\/en\/wp-json\/wp\/v2\/types\/page"}],"author":[{"embeddable":true,"href":"https:\/\/rarn.usac.edu.gt\/en\/wp-json\/wp\/v2\/users\/1"}],"replies":[{"embeddable":true,"href":"https:\/\/rarn.usac.edu.gt\/en\/wp-json\/wp\/v2\/comments?post=598"}],"version-history":[{"count":10,"href":"https:\/\/rarn.usac.edu.gt\/en\/wp-json\/wp\/v2\/pages\/598\/revisions"}],"predecessor-version":[{"id":2057,"href":"https:\/\/rarn.usac.edu.gt\/en\/wp-json\/wp\/v2\/pages\/598\/revisions\/2057"}],"wp:attachment":[{"href":"https:\/\/rarn.usac.edu.gt\/en\/wp-json\/wp\/v2\/media?parent=598"}],"curies":[{"name":"wp","href":"https:\/\/api.w.org\/{rel}","templated":true}]}}