{"id":2658,"date":"2022-07-01T12:00:00","date_gmt":"2022-07-01T18:00:00","guid":{"rendered":"https:\/\/rarn.usac.edu.gt\/?page_id=2658"},"modified":"2024-03-20T12:05:52","modified_gmt":"2024-03-20T18:05:52","slug":"el-ciclo-economico-actual-opciones-para-centroamerica","status":"publish","type":"page","link":"https:\/\/rarn.usac.edu.gt\/en\/el-ciclo-economico-actual-opciones-para-centroamerica\/","title":{"rendered":"El ciclo econ\u00f3mico actual: opciones para Centroam\u00e9rica"},"content":{"rendered":"","protected":false},"excerpt":{"rendered":"","protected":false},"author":1,"featured_media":2648,"parent":0,"menu_order":0,"comment_status":"closed","ping_status":"closed","template":"","meta":{"footnotes":""},"class_list":["post-2658","page","type-page","status-publish","has-post-thumbnail","czr-hentry"],"yoast_head":"<!-- This site is optimized with the Yoast SEO plugin v23.4 - https:\/\/yoast.com\/wordpress\/plugins\/seo\/ -->\n<title>El ciclo econ\u00f3mico actual: opciones para Centroam\u00e9rica - An\u00e1lisis de la Realidad Nacional<\/title>\n<meta name=\"robots\" content=\"index, follow, max-snippet:-1, max-image-preview:large, max-video-preview:-1\" \/>\n<link rel=\"canonical\" href=\"https:\/\/rarn.usac.edu.gt\/en\/el-ciclo-economico-actual-opciones-para-centroamerica\/\" \/>\n<meta property=\"og:locale\" content=\"en_US\" \/>\n<meta property=\"og:type\" content=\"article\" \/>\n<meta property=\"og:title\" content=\"El ciclo econ\u00f3mico actual: opciones para Centroam\u00e9rica - An\u00e1lisis de la Realidad Nacional\" \/>\n<meta property=\"og:url\" content=\"https:\/\/rarn.usac.edu.gt\/en\/el-ciclo-economico-actual-opciones-para-centroamerica\/\" \/>\n<meta property=\"og:site_name\" content=\"An\u00e1lisis de la Realidad Nacional\" \/>\n<meta property=\"article:modified_time\" content=\"2024-03-20T18:05:52+00:00\" \/>\n<meta property=\"og:image\" content=\"https:\/\/rarn.usac.edu.gt\/wp-content\/uploads\/2024\/03\/Balsells-e1710957704293.jpg\" \/>\n\t<meta property=\"og:image:width\" content=\"344\" \/>\n\t<meta property=\"og:image:height\" content=\"344\" \/>\n\t<meta property=\"og:image:type\" content=\"image\/jpeg\" \/>\n<meta name=\"twitter:card\" content=\"summary_large_image\" \/>\n<meta name=\"twitter:label1\" content=\"Est. reading time\" \/>\n\t<meta name=\"twitter:data1\" content=\"2 minutes\" \/>\n<script type=\"application\/ld+json\" class=\"yoast-schema-graph\">{\"@context\":\"https:\/\/schema.org\",\"@graph\":[{\"@type\":\"WebPage\",\"@id\":\"https:\/\/rarn.usac.edu.gt\/el-ciclo-economico-actual-opciones-para-centroamerica\/\",\"url\":\"https:\/\/rarn.usac.edu.gt\/el-ciclo-economico-actual-opciones-para-centroamerica\/\",\"name\":\"El ciclo econ\u00f3mico actual: opciones para Centroam\u00e9rica - An\u00e1lisis de la Realidad Nacional\",\"isPartOf\":{\"@id\":\"https:\/\/rarn.usac.edu.gt\/#website\"},\"primaryImageOfPage\":{\"@id\":\"https:\/\/rarn.usac.edu.gt\/el-ciclo-economico-actual-opciones-para-centroamerica\/#primaryimage\"},\"image\":{\"@id\":\"https:\/\/rarn.usac.edu.gt\/el-ciclo-economico-actual-opciones-para-centroamerica\/#primaryimage\"},\"thumbnailUrl\":\"https:\/\/rarn.usac.edu.gt\/wp-content\/uploads\/2024\/03\/Balsells-e1710957704293.jpg\",\"datePublished\":\"2022-07-01T18:00:00+00:00\",\"dateModified\":\"2024-03-20T18:05:52+00:00\",\"breadcrumb\":{\"@id\":\"https:\/\/rarn.usac.edu.gt\/el-ciclo-economico-actual-opciones-para-centroamerica\/#breadcrumb\"},\"inLanguage\":\"en-US\",\"potentialAction\":[{\"@type\":\"ReadAction\",\"target\":[\"https:\/\/rarn.usac.edu.gt\/el-ciclo-economico-actual-opciones-para-centroamerica\/\"]}]},{\"@type\":\"ImageObject\",\"inLanguage\":\"en-US\",\"@id\":\"https:\/\/rarn.usac.edu.gt\/el-ciclo-economico-actual-opciones-para-centroamerica\/#primaryimage\",\"url\":\"https:\/\/rarn.usac.edu.gt\/wp-content\/uploads\/2024\/03\/Balsells-e1710957704293.jpg\",\"contentUrl\":\"https:\/\/rarn.usac.edu.gt\/wp-content\/uploads\/2024\/03\/Balsells-e1710957704293.jpg\",\"width\":344,\"height\":344},{\"@type\":\"BreadcrumbList\",\"@id\":\"https:\/\/rarn.usac.edu.gt\/el-ciclo-economico-actual-opciones-para-centroamerica\/#breadcrumb\",\"itemListElement\":[{\"@type\":\"ListItem\",\"position\":1,\"name\":\"Portada\",\"item\":\"https:\/\/rarn.usac.edu.gt\/\"},{\"@type\":\"ListItem\",\"position\":2,\"name\":\"El ciclo econ\u00f3mico actual: opciones para Centroam\u00e9rica\"}]},{\"@type\":\"WebSite\",\"@id\":\"https:\/\/rarn.usac.edu.gt\/#website\",\"url\":\"https:\/\/rarn.usac.edu.gt\/\",\"name\":\"An\u00e1lisis de la Realidad Nacional\",\"description\":\"Revista An\u00e1lisis de la Realidad Nacional\",\"publisher\":{\"@id\":\"https:\/\/rarn.usac.edu.gt\/#organization\"},\"potentialAction\":[{\"@type\":\"SearchAction\",\"target\":{\"@type\":\"EntryPoint\",\"urlTemplate\":\"https:\/\/rarn.usac.edu.gt\/?s={search_term_string}\"},\"query-input\":{\"@type\":\"PropertyValueSpecification\",\"valueRequired\":true,\"valueName\":\"search_term_string\"}}],\"inLanguage\":\"en-US\"},{\"@type\":\"Organization\",\"@id\":\"https:\/\/rarn.usac.edu.gt\/#organization\",\"name\":\"An\u00e1lisis de la Realidad Nacional\",\"url\":\"https:\/\/rarn.usac.edu.gt\/\",\"logo\":{\"@type\":\"ImageObject\",\"inLanguage\":\"en-US\",\"@id\":\"https:\/\/rarn.usac.edu.gt\/#\/schema\/logo\/image\/\",\"url\":\"https:\/\/rarn.usac.edu.gt\/wp-content\/uploads\/2023\/11\/Main_Banner.png\",\"contentUrl\":\"https:\/\/rarn.usac.edu.gt\/wp-content\/uploads\/2023\/11\/Main_Banner.png\",\"width\":1920,\"height\":300,\"caption\":\"An\u00e1lisis de la Realidad Nacional\"},\"image\":{\"@id\":\"https:\/\/rarn.usac.edu.gt\/#\/schema\/logo\/image\/\"}}]}<\/script>\n<!-- \/ Yoast SEO plugin. -->","yoast_head_json":{"title":"El ciclo econ\u00f3mico actual: opciones para Centroam\u00e9rica - An\u00e1lisis de la Realidad Nacional","robots":{"index":"index","follow":"follow","max-snippet":"max-snippet:-1","max-image-preview":"max-image-preview:large","max-video-preview":"max-video-preview:-1"},"canonical":"https:\/\/rarn.usac.edu.gt\/en\/el-ciclo-economico-actual-opciones-para-centroamerica\/","og_locale":"en_US","og_type":"article","og_title":"El ciclo econ\u00f3mico actual: opciones para Centroam\u00e9rica - An\u00e1lisis de la Realidad Nacional","og_url":"https:\/\/rarn.usac.edu.gt\/en\/el-ciclo-economico-actual-opciones-para-centroamerica\/","og_site_name":"An\u00e1lisis de la Realidad Nacional","article_modified_time":"2024-03-20T18:05:52+00:00","og_image":[{"width":344,"height":344,"url":"https:\/\/rarn.usac.edu.gt\/wp-content\/uploads\/2024\/03\/Balsells-e1710957704293.jpg","type":"image\/jpeg"}],"twitter_card":"summary_large_image","twitter_misc":{"Est. reading time":"2 minutes"},"schema":{"@context":"https:\/\/schema.org","@graph":[{"@type":"WebPage","@id":"https:\/\/rarn.usac.edu.gt\/el-ciclo-economico-actual-opciones-para-centroamerica\/","url":"https:\/\/rarn.usac.edu.gt\/el-ciclo-economico-actual-opciones-para-centroamerica\/","name":"El ciclo econ\u00f3mico actual: opciones para Centroam\u00e9rica - An\u00e1lisis de la Realidad Nacional","isPartOf":{"@id":"https:\/\/rarn.usac.edu.gt\/#website"},"primaryImageOfPage":{"@id":"https:\/\/rarn.usac.edu.gt\/el-ciclo-economico-actual-opciones-para-centroamerica\/#primaryimage"},"image":{"@id":"https:\/\/rarn.usac.edu.gt\/el-ciclo-economico-actual-opciones-para-centroamerica\/#primaryimage"},"thumbnailUrl":"https:\/\/rarn.usac.edu.gt\/wp-content\/uploads\/2024\/03\/Balsells-e1710957704293.jpg","datePublished":"2022-07-01T18:00:00+00:00","dateModified":"2024-03-20T18:05:52+00:00","breadcrumb":{"@id":"https:\/\/rarn.usac.edu.gt\/el-ciclo-economico-actual-opciones-para-centroamerica\/#breadcrumb"},"inLanguage":"en-US","potentialAction":[{"@type":"ReadAction","target":["https:\/\/rarn.usac.edu.gt\/el-ciclo-economico-actual-opciones-para-centroamerica\/"]}]},{"@type":"ImageObject","inLanguage":"en-US","@id":"https:\/\/rarn.usac.edu.gt\/el-ciclo-economico-actual-opciones-para-centroamerica\/#primaryimage","url":"https:\/\/rarn.usac.edu.gt\/wp-content\/uploads\/2024\/03\/Balsells-e1710957704293.jpg","contentUrl":"https:\/\/rarn.usac.edu.gt\/wp-content\/uploads\/2024\/03\/Balsells-e1710957704293.jpg","width":344,"height":344},{"@type":"BreadcrumbList","@id":"https:\/\/rarn.usac.edu.gt\/el-ciclo-economico-actual-opciones-para-centroamerica\/#breadcrumb","itemListElement":[{"@type":"ListItem","position":1,"name":"Portada","item":"https:\/\/rarn.usac.edu.gt\/"},{"@type":"ListItem","position":2,"name":"El ciclo econ\u00f3mico actual: opciones para Centroam\u00e9rica"}]},{"@type":"WebSite","@id":"https:\/\/rarn.usac.edu.gt\/#website","url":"https:\/\/rarn.usac.edu.gt\/","name":"An\u00e1lisis de la Realidad Nacional","description":"Revista An\u00e1lisis de la Realidad Nacional","publisher":{"@id":"https:\/\/rarn.usac.edu.gt\/#organization"},"potentialAction":[{"@type":"SearchAction","target":{"@type":"EntryPoint","urlTemplate":"https:\/\/rarn.usac.edu.gt\/?s={search_term_string}"},"query-input":{"@type":"PropertyValueSpecification","valueRequired":true,"valueName":"search_term_string"}}],"inLanguage":"en-US"},{"@type":"Organization","@id":"https:\/\/rarn.usac.edu.gt\/#organization","name":"An\u00e1lisis de la Realidad Nacional","url":"https:\/\/rarn.usac.edu.gt\/","logo":{"@type":"ImageObject","inLanguage":"en-US","@id":"https:\/\/rarn.usac.edu.gt\/#\/schema\/logo\/image\/","url":"https:\/\/rarn.usac.edu.gt\/wp-content\/uploads\/2023\/11\/Main_Banner.png","contentUrl":"https:\/\/rarn.usac.edu.gt\/wp-content\/uploads\/2023\/11\/Main_Banner.png","width":1920,"height":300,"caption":"An\u00e1lisis de la Realidad Nacional"},"image":{"@id":"https:\/\/rarn.usac.edu.gt\/#\/schema\/logo\/image\/"}}]}},"post_mailing_queue_ids":[],"_links":{"self":[{"href":"https:\/\/rarn.usac.edu.gt\/en\/wp-json\/wp\/v2\/pages\/2658","targetHints":{"allow":["GET"]}}],"collection":[{"href":"https:\/\/rarn.usac.edu.gt\/en\/wp-json\/wp\/v2\/pages"}],"about":[{"href":"https:\/\/rarn.usac.edu.gt\/en\/wp-json\/wp\/v2\/types\/page"}],"author":[{"embeddable":true,"href":"https:\/\/rarn.usac.edu.gt\/en\/wp-json\/wp\/v2\/users\/1"}],"replies":[{"embeddable":true,"href":"https:\/\/rarn.usac.edu.gt\/en\/wp-json\/wp\/v2\/comments?post=2658"}],"version-history":[{"count":1,"href":"https:\/\/rarn.usac.edu.gt\/en\/wp-json\/wp\/v2\/pages\/2658\/revisions"}],"predecessor-version":[{"id":2659,"href":"https:\/\/rarn.usac.edu.gt\/en\/wp-json\/wp\/v2\/pages\/2658\/revisions\/2659"}],"wp:featuredmedia":[{"embeddable":true,"href":"https:\/\/rarn.usac.edu.gt\/en\/wp-json\/wp\/v2\/media\/2648"}],"wp:attachment":[{"href":"https:\/\/rarn.usac.edu.gt\/en\/wp-json\/wp\/v2\/media?parent=2658"}],"curies":[{"name":"wp","href":"https:\/\/api.w.org\/{rel}","templated":true}]}}