{"id":2152,"date":"2024-02-29T12:07:21","date_gmt":"2024-02-29T18:07:21","guid":{"rendered":"https:\/\/rarn.usac.edu.gt\/?page_id=2152"},"modified":"2024-02-29T14:42:53","modified_gmt":"2024-02-29T20:42:53","slug":"sobre-la-revista","status":"publish","type":"page","link":"https:\/\/rarn.usac.edu.gt\/en\/sobre-la-revista\/","title":{"rendered":"Acerca de la revista"},"content":{"rendered":"<p><strong>Enfoque y alcance<\/strong><\/p>\n\n\n\n<p>La Revista An\u00e1lisis de la Realidad Nacional es una publicaci\u00f3n digital (desde el a\u00f1o 2012), no lucrativa, del Instituto de An\u00e1lisis e Investigaci\u00f3n de los Problemas Nacionales de la Universidad de San Carlos de Guatemala (IPNUSAC), de acceso abierto, con periodicidad bimestral, anteriormente quincenal. Contiene temas y procesos sociales de actualidad, promueve enfoques plurales e interdisciplinarios y reivindica la tradici\u00f3n de libertad de c\u00e1tedra, el debate vivo e informado y el ejercicio de la cr\u00edtica y la propuesta responsable.<\/p>\n\n\n\n<p><strong>Proceso de evaluaci\u00f3n por pares doble ciego<\/strong><\/p>\n\n\n\n<p>Los manuscritos son sometidos a procesos de revisi\u00f3n y arbitraje por pares ciegos dobles externos, quienes conforman el comit\u00e9 cient\u00edfico editorial, de revisi\u00f3n y arbitraje. Esto garantiza al lector y autores un alto nivel y rigor acad\u00e9mico.<\/p>\n\n\n\n<p><strong>Pol\u00edtica de acceso abierto<\/strong><\/p>\n\n\n\n<p>La Revista An\u00e1lisis de la Realidad Nacional se adhiere a las diferentes iniciativas que promueven el acceso libre al conocimiento. Por tanto, los contenidos se rigen de acuerdo a normas internacionales sobre protecci\u00f3n a los derechos de autor, con criterios espec\u00edficos de la licencia Creative Commons 4.0.<\/p>\n\n\n\n<p><strong>Frecuencia de publicaci\u00f3n<\/strong><\/p>\n\n\n\n<p>La Revista An\u00e1lisis de la Realidad Nacional se publica de manera bimestral.<\/p>\n\n\n\n<p><strong>Detecci\u00f3n de plagio y reporte de originalidad<\/strong><\/p>\n\n\n\n<p>En la fase de revisi\u00f3n e identificaci\u00f3n de plagio, se utiliza la herramienta iThenticate, aceptando un porcentaje m\u00e1ximo de 25%. Se verifica que los p\u00e1rrafos est\u00e9n debidamente citados con el modelo American Psychological Association-APA. Los mismos son evaluados de acuerdo a las directrices editoriales aprobadas por el consejo editorial.<\/p>\n\n\n\n<p><strong>C\u00f3digo de conducta y buenas pr\u00e1cticas en publicaciones<\/strong><\/p>\n\n\n\n<p>Se adhiere al C\u00f3digo de conducta del Comit\u00e9 de \u00c9tica para Publicaciones COPE.<\/p>\n\n\n\n<p><strong>Seguimiento de malas pr\u00e1cticas<\/strong><\/p>\n\n\n\n<p>La revista asume su obligaci\u00f3n para actuar en consecuencia en caso de sospecha de malas pr\u00e1cticas o conductas inadecuadas. Se rechazar\u00e1n los manuscritos que planteen dudas sobre una posible mala conducta. Se realizar\u00e1n todos los esfuerzos razonables para asegurar que los trabajos sometidos a evaluaci\u00f3n sean rigurosos y \u00e9ticamente adecuados.<\/p>\n\n\n\n<p><strong>Obligaciones de los autores<\/strong><br>Los autores deben garantizar la autor\u00eda de los documentos que presentan. La autor\u00eda corresponde a aquellos que han hecho una contribuci\u00f3n significativa en la obra. Si la obra tiene contribuciones significativas de m\u00e1s de un autor, deben aparecer como co-autores.<br>Los autores deben proporcionar datos de contacto para facilitar la comunicaci\u00f3n de otros investigadores en relaci\u00f3n al trabajo publicado. Estos datos ser\u00e1n difundidos junto con el mismo.<\/p>\n\n\n\n<p><strong>Descargo de responsabilidad<\/strong><\/p>\n\n\n\n<p>Las opiniones expresadas en los art\u00edculos son responsabilidad exclusiva de los autores. No necesariamente reflejan las opiniones de la editorial ni la de sus miembros.<\/p>\n\n\n\n<p><strong>Originalidad y plagio<\/strong><br>Los autores deben garantizar que disponen de los derechos que presentan en su obra, as\u00ed como de haber hecho uso del derecho a citar el trabajo de otros autores.<br>Aquellos originales en los que se detecte plagio, ser\u00e1n rechazados. As\u00ed mismo, un autor no debe presentar originales que describan esencialmente el mismo trabajo que haya publicado ya en otra obra.<\/p>\n\n\n\n<p><strong>Proceso de evaluaci\u00f3n por pares<\/strong><br>Las decisiones de los miembros del comit\u00e9 editorial para aceptar o rechazar un documento para su publicaci\u00f3n se basan \u00fanicamente en la relevancia del trabajo, su originalidad y claridad expositiva, as\u00ed como en la pertinencia del estudio en relaci\u00f3n a la l\u00ednea editorial.<br>Se garantiza que el material remitido para su publicaci\u00f3n ser\u00e1 considerado como materia reservada y confidencial mientras se eval\u00faa y, en el caso de ser rechazado, ning\u00fan miembro evaluador podr\u00e1 hacer p\u00fablico el original.<\/p>\n\n\n\n<p><strong>Protecci\u00f3n de datos individuales<\/strong><br>La Revista An\u00e1lisis de la Realidad Nacional garantiza la confidencialidad de la informaci\u00f3n individual. Es responsabilidad \u00faltima de los autores el disponer de las autorizaciones pertinentes para la utilizaci\u00f3n de las im\u00e1genes y marcas comerciales que aparecen en sus trabajos, as\u00ed como otros datos de car\u00e1cter personal (edad, sexo, nivel social, etc.).<\/p>\n\n\n\n<p><strong>Integridad y rigor acad\u00e9mico<\/strong><br>Cada vez que se tenga constancia de que alg\u00fan trabajo publicado contiene inexactitudes importantes, declaraciones enga\u00f1osas o distorsionadas, debe ser corregido de forma inmediata.<br>Si se detecta alg\u00fan trabajo cuyo contenido sea fraudulento, ser\u00e1 retirado tan pronto como se conozca, informando inmediatamente tanto a los lectores como a los sistemas de indexaci\u00f3n.<\/p>\n\n\n\n<p><strong>Quejas\/denuncias<\/strong><br>Cualquier autor, lector o evaluador puede remitir sus quejas a trav\u00e9s del correo del Instituto de Problemas Nacionales IPNUSAC:\u00a0<a href=\"mailto:ipn@usac.edu.gt\">ipn@usac.edu.gt<\/a>,\u00a0<a href=\"mailto:ipnusac@gmail.com\">ipnusac@gmail.com<\/a><\/p>","protected":false},"excerpt":{"rendered":"<p>Enfoque y alcance La Revista An\u00e1lisis de la Realidad Nacional es una publicaci\u00f3n digital (desde el a\u00f1o 2012), no lucrativa, del Instituto de An\u00e1lisis e Investigaci\u00f3n de los Problemas Nacionales de la Universidad de San Carlos de Guatemala (IPNUSAC), de acceso abierto, con periodicidad bimestral, anteriormente quincenal. Contiene temas y procesos sociales de actualidad, promueve [&hellip;]<\/p>","protected":false},"author":1,"featured_media":0,"parent":0,"menu_order":0,"comment_status":"closed","ping_status":"closed","template":"","meta":{"footnotes":""},"class_list":["post-2152","page","type-page","status-publish","czr-hentry"],"yoast_head":"<!-- This site is optimized with the Yoast SEO plugin v23.4 - https:\/\/yoast.com\/wordpress\/plugins\/seo\/ -->\n<title>Acerca de la revista - An\u00e1lisis de la Realidad Nacional<\/title>\n<meta name=\"robots\" content=\"index, follow, max-snippet:-1, max-image-preview:large, max-video-preview:-1\" \/>\n<link rel=\"canonical\" href=\"https:\/\/rarn.usac.edu.gt\/en\/sobre-la-revista\/\" \/>\n<meta property=\"og:locale\" content=\"en_US\" \/>\n<meta property=\"og:type\" content=\"article\" \/>\n<meta property=\"og:title\" content=\"Acerca de la revista - An\u00e1lisis de la Realidad Nacional\" \/>\n<meta property=\"og:description\" content=\"Enfoque y alcance La Revista An\u00e1lisis de la Realidad Nacional es una publicaci\u00f3n digital (desde el a\u00f1o 2012), no lucrativa, del Instituto de An\u00e1lisis e Investigaci\u00f3n de los Problemas Nacionales de la Universidad de San Carlos de Guatemala (IPNUSAC), de acceso abierto, con periodicidad bimestral, anteriormente quincenal. Contiene temas y procesos sociales de actualidad, promueve [&hellip;]\" \/>\n<meta property=\"og:url\" content=\"https:\/\/rarn.usac.edu.gt\/en\/sobre-la-revista\/\" \/>\n<meta property=\"og:site_name\" content=\"An\u00e1lisis de la Realidad Nacional\" \/>\n<meta property=\"article:modified_time\" content=\"2024-02-29T20:42:53+00:00\" \/>\n<meta name=\"twitter:card\" content=\"summary_large_image\" \/>\n<meta name=\"twitter:label1\" content=\"Est. reading time\" \/>\n\t<meta name=\"twitter:data1\" content=\"4 minutes\" \/>\n<script type=\"application\/ld+json\" class=\"yoast-schema-graph\">{\"@context\":\"https:\/\/schema.org\",\"@graph\":[{\"@type\":\"WebPage\",\"@id\":\"https:\/\/rarn.usac.edu.gt\/sobre-la-revista\/\",\"url\":\"https:\/\/rarn.usac.edu.gt\/sobre-la-revista\/\",\"name\":\"Acerca de la revista - An\u00e1lisis de la Realidad Nacional\",\"isPartOf\":{\"@id\":\"https:\/\/rarn.usac.edu.gt\/#website\"},\"datePublished\":\"2024-02-29T18:07:21+00:00\",\"dateModified\":\"2024-02-29T20:42:53+00:00\",\"breadcrumb\":{\"@id\":\"https:\/\/rarn.usac.edu.gt\/sobre-la-revista\/#breadcrumb\"},\"inLanguage\":\"en-US\",\"potentialAction\":[{\"@type\":\"ReadAction\",\"target\":[\"https:\/\/rarn.usac.edu.gt\/sobre-la-revista\/\"]}]},{\"@type\":\"BreadcrumbList\",\"@id\":\"https:\/\/rarn.usac.edu.gt\/sobre-la-revista\/#breadcrumb\",\"itemListElement\":[{\"@type\":\"ListItem\",\"position\":1,\"name\":\"Portada\",\"item\":\"https:\/\/rarn.usac.edu.gt\/\"},{\"@type\":\"ListItem\",\"position\":2,\"name\":\"Acerca de la revista\"}]},{\"@type\":\"WebSite\",\"@id\":\"https:\/\/rarn.usac.edu.gt\/#website\",\"url\":\"https:\/\/rarn.usac.edu.gt\/\",\"name\":\"An\u00e1lisis de la Realidad Nacional\",\"description\":\"Revista An\u00e1lisis de la Realidad Nacional\",\"publisher\":{\"@id\":\"https:\/\/rarn.usac.edu.gt\/#organization\"},\"potentialAction\":[{\"@type\":\"SearchAction\",\"target\":{\"@type\":\"EntryPoint\",\"urlTemplate\":\"https:\/\/rarn.usac.edu.gt\/?s={search_term_string}\"},\"query-input\":{\"@type\":\"PropertyValueSpecification\",\"valueRequired\":true,\"valueName\":\"search_term_string\"}}],\"inLanguage\":\"en-US\"},{\"@type\":\"Organization\",\"@id\":\"https:\/\/rarn.usac.edu.gt\/#organization\",\"name\":\"An\u00e1lisis de la Realidad Nacional\",\"url\":\"https:\/\/rarn.usac.edu.gt\/\",\"logo\":{\"@type\":\"ImageObject\",\"inLanguage\":\"en-US\",\"@id\":\"https:\/\/rarn.usac.edu.gt\/#\/schema\/logo\/image\/\",\"url\":\"https:\/\/rarn.usac.edu.gt\/wp-content\/uploads\/2023\/11\/Main_Banner.png\",\"contentUrl\":\"https:\/\/rarn.usac.edu.gt\/wp-content\/uploads\/2023\/11\/Main_Banner.png\",\"width\":1920,\"height\":300,\"caption\":\"An\u00e1lisis de la Realidad Nacional\"},\"image\":{\"@id\":\"https:\/\/rarn.usac.edu.gt\/#\/schema\/logo\/image\/\"}}]}<\/script>\n<!-- \/ Yoast SEO plugin. -->","yoast_head_json":{"title":"Acerca de la revista - An\u00e1lisis de la Realidad Nacional","robots":{"index":"index","follow":"follow","max-snippet":"max-snippet:-1","max-image-preview":"max-image-preview:large","max-video-preview":"max-video-preview:-1"},"canonical":"https:\/\/rarn.usac.edu.gt\/en\/sobre-la-revista\/","og_locale":"en_US","og_type":"article","og_title":"Acerca de la revista - An\u00e1lisis de la Realidad Nacional","og_description":"Enfoque y alcance La Revista An\u00e1lisis de la Realidad Nacional es una publicaci\u00f3n digital (desde el a\u00f1o 2012), no lucrativa, del Instituto de An\u00e1lisis e Investigaci\u00f3n de los Problemas Nacionales de la Universidad de San Carlos de Guatemala (IPNUSAC), de acceso abierto, con periodicidad bimestral, anteriormente quincenal. Contiene temas y procesos sociales de actualidad, promueve [&hellip;]","og_url":"https:\/\/rarn.usac.edu.gt\/en\/sobre-la-revista\/","og_site_name":"An\u00e1lisis de la Realidad Nacional","article_modified_time":"2024-02-29T20:42:53+00:00","twitter_card":"summary_large_image","twitter_misc":{"Est. reading time":"4 minutes"},"schema":{"@context":"https:\/\/schema.org","@graph":[{"@type":"WebPage","@id":"https:\/\/rarn.usac.edu.gt\/sobre-la-revista\/","url":"https:\/\/rarn.usac.edu.gt\/sobre-la-revista\/","name":"Acerca de la revista - An\u00e1lisis de la Realidad Nacional","isPartOf":{"@id":"https:\/\/rarn.usac.edu.gt\/#website"},"datePublished":"2024-02-29T18:07:21+00:00","dateModified":"2024-02-29T20:42:53+00:00","breadcrumb":{"@id":"https:\/\/rarn.usac.edu.gt\/sobre-la-revista\/#breadcrumb"},"inLanguage":"en-US","potentialAction":[{"@type":"ReadAction","target":["https:\/\/rarn.usac.edu.gt\/sobre-la-revista\/"]}]},{"@type":"BreadcrumbList","@id":"https:\/\/rarn.usac.edu.gt\/sobre-la-revista\/#breadcrumb","itemListElement":[{"@type":"ListItem","position":1,"name":"Portada","item":"https:\/\/rarn.usac.edu.gt\/"},{"@type":"ListItem","position":2,"name":"Acerca de la revista"}]},{"@type":"WebSite","@id":"https:\/\/rarn.usac.edu.gt\/#website","url":"https:\/\/rarn.usac.edu.gt\/","name":"An\u00e1lisis de la Realidad Nacional","description":"Revista An\u00e1lisis de la Realidad Nacional","publisher":{"@id":"https:\/\/rarn.usac.edu.gt\/#organization"},"potentialAction":[{"@type":"SearchAction","target":{"@type":"EntryPoint","urlTemplate":"https:\/\/rarn.usac.edu.gt\/?s={search_term_string}"},"query-input":{"@type":"PropertyValueSpecification","valueRequired":true,"valueName":"search_term_string"}}],"inLanguage":"en-US"},{"@type":"Organization","@id":"https:\/\/rarn.usac.edu.gt\/#organization","name":"An\u00e1lisis de la Realidad Nacional","url":"https:\/\/rarn.usac.edu.gt\/","logo":{"@type":"ImageObject","inLanguage":"en-US","@id":"https:\/\/rarn.usac.edu.gt\/#\/schema\/logo\/image\/","url":"https:\/\/rarn.usac.edu.gt\/wp-content\/uploads\/2023\/11\/Main_Banner.png","contentUrl":"https:\/\/rarn.usac.edu.gt\/wp-content\/uploads\/2023\/11\/Main_Banner.png","width":1920,"height":300,"caption":"An\u00e1lisis de la Realidad Nacional"},"image":{"@id":"https:\/\/rarn.usac.edu.gt\/#\/schema\/logo\/image\/"}}]}},"post_mailing_queue_ids":[],"_links":{"self":[{"href":"https:\/\/rarn.usac.edu.gt\/en\/wp-json\/wp\/v2\/pages\/2152","targetHints":{"allow":["GET"]}}],"collection":[{"href":"https:\/\/rarn.usac.edu.gt\/en\/wp-json\/wp\/v2\/pages"}],"about":[{"href":"https:\/\/rarn.usac.edu.gt\/en\/wp-json\/wp\/v2\/types\/page"}],"author":[{"embeddable":true,"href":"https:\/\/rarn.usac.edu.gt\/en\/wp-json\/wp\/v2\/users\/1"}],"replies":[{"embeddable":true,"href":"https:\/\/rarn.usac.edu.gt\/en\/wp-json\/wp\/v2\/comments?post=2152"}],"version-history":[{"count":3,"href":"https:\/\/rarn.usac.edu.gt\/en\/wp-json\/wp\/v2\/pages\/2152\/revisions"}],"predecessor-version":[{"id":2194,"href":"https:\/\/rarn.usac.edu.gt\/en\/wp-json\/wp\/v2\/pages\/2152\/revisions\/2194"}],"wp:attachment":[{"href":"https:\/\/rarn.usac.edu.gt\/en\/wp-json\/wp\/v2\/media?parent=2152"}],"curies":[{"name":"wp","href":"https:\/\/api.w.org\/{rel}","templated":true}]}}