{"id":1422,"date":"2024-02-01T15:08:21","date_gmt":"2024-02-01T21:08:21","guid":{"rendered":"https:\/\/rarn.usac.edu.gt\/?page_id=1422"},"modified":"2024-01-30T15:16:50","modified_gmt":"2024-01-30T21:16:50","slug":"razones-de-la-tardia-fundacion-de-la-universidad-de-san-carlos-de-guatemala","status":"publish","type":"page","link":"https:\/\/rarn.usac.edu.gt\/en\/razones-de-la-tardia-fundacion-de-la-universidad-de-san-carlos-de-guatemala\/","title":{"rendered":"Razones de la tard\u00eda fundaci\u00f3n de la Universidad de San Carlos de Guatemala"},"content":{"rendered":"","protected":false},"excerpt":{"rendered":"","protected":false},"author":1,"featured_media":1380,"parent":0,"menu_order":0,"comment_status":"closed","ping_status":"closed","template":"","meta":{"footnotes":""},"class_list":["post-1422","page","type-page","status-publish","has-post-thumbnail","czr-hentry"],"yoast_head":"<!-- This site is optimized with the Yoast SEO plugin v23.4 - https:\/\/yoast.com\/wordpress\/plugins\/seo\/ -->\n<title>Razones de la tard\u00eda fundaci\u00f3n de la Universidad de San Carlos de Guatemala - An\u00e1lisis de la Realidad Nacional<\/title>\n<meta name=\"robots\" content=\"index, follow, max-snippet:-1, max-image-preview:large, max-video-preview:-1\" \/>\n<link rel=\"canonical\" href=\"https:\/\/rarn.usac.edu.gt\/en\/razones-de-la-tardia-fundacion-de-la-universidad-de-san-carlos-de-guatemala\/\" \/>\n<meta property=\"og:locale\" content=\"en_US\" \/>\n<meta property=\"og:type\" content=\"article\" \/>\n<meta property=\"og:title\" content=\"Razones de la tard\u00eda fundaci\u00f3n de la Universidad de San Carlos de Guatemala - An\u00e1lisis de la Realidad Nacional\" \/>\n<meta property=\"og:url\" content=\"https:\/\/rarn.usac.edu.gt\/en\/razones-de-la-tardia-fundacion-de-la-universidad-de-san-carlos-de-guatemala\/\" \/>\n<meta property=\"og:site_name\" content=\"An\u00e1lisis de la Realidad Nacional\" \/>\n<meta property=\"article:modified_time\" content=\"2024-01-30T21:16:50+00:00\" \/>\n<meta property=\"og:image\" content=\"https:\/\/rarn.usac.edu.gt\/wp-content\/uploads\/2024\/01\/Debate-Mejia-scaled-e1706649023703.jpg\" \/>\n\t<meta property=\"og:image:width\" content=\"1181\" \/>\n\t<meta property=\"og:image:height\" content=\"1002\" \/>\n\t<meta property=\"og:image:type\" content=\"image\/jpeg\" \/>\n<meta name=\"twitter:card\" content=\"summary_large_image\" \/>\n<meta name=\"twitter:label1\" content=\"Est. reading time\" \/>\n\t<meta name=\"twitter:data1\" content=\"1 minute\" \/>\n<script type=\"application\/ld+json\" class=\"yoast-schema-graph\">{\"@context\":\"https:\/\/schema.org\",\"@graph\":[{\"@type\":\"WebPage\",\"@id\":\"https:\/\/rarn.usac.edu.gt\/razones-de-la-tardia-fundacion-de-la-universidad-de-san-carlos-de-guatemala\/\",\"url\":\"https:\/\/rarn.usac.edu.gt\/razones-de-la-tardia-fundacion-de-la-universidad-de-san-carlos-de-guatemala\/\",\"name\":\"Razones de la tard\u00eda fundaci\u00f3n de la Universidad de San Carlos de Guatemala - An\u00e1lisis de la Realidad Nacional\",\"isPartOf\":{\"@id\":\"https:\/\/rarn.usac.edu.gt\/#website\"},\"primaryImageOfPage\":{\"@id\":\"https:\/\/rarn.usac.edu.gt\/razones-de-la-tardia-fundacion-de-la-universidad-de-san-carlos-de-guatemala\/#primaryimage\"},\"image\":{\"@id\":\"https:\/\/rarn.usac.edu.gt\/razones-de-la-tardia-fundacion-de-la-universidad-de-san-carlos-de-guatemala\/#primaryimage\"},\"thumbnailUrl\":\"https:\/\/rarn.usac.edu.gt\/wp-content\/uploads\/2024\/01\/Debate-Mejia-scaled-e1706649023703.jpg\",\"datePublished\":\"2024-02-01T21:08:21+00:00\",\"dateModified\":\"2024-01-30T21:16:50+00:00\",\"breadcrumb\":{\"@id\":\"https:\/\/rarn.usac.edu.gt\/razones-de-la-tardia-fundacion-de-la-universidad-de-san-carlos-de-guatemala\/#breadcrumb\"},\"inLanguage\":\"en-US\",\"potentialAction\":[{\"@type\":\"ReadAction\",\"target\":[\"https:\/\/rarn.usac.edu.gt\/razones-de-la-tardia-fundacion-de-la-universidad-de-san-carlos-de-guatemala\/\"]}]},{\"@type\":\"ImageObject\",\"inLanguage\":\"en-US\",\"@id\":\"https:\/\/rarn.usac.edu.gt\/razones-de-la-tardia-fundacion-de-la-universidad-de-san-carlos-de-guatemala\/#primaryimage\",\"url\":\"https:\/\/rarn.usac.edu.gt\/wp-content\/uploads\/2024\/01\/Debate-Mejia-scaled-e1706649023703.jpg\",\"contentUrl\":\"https:\/\/rarn.usac.edu.gt\/wp-content\/uploads\/2024\/01\/Debate-Mejia-scaled-e1706649023703.jpg\",\"width\":1181,\"height\":1002},{\"@type\":\"BreadcrumbList\",\"@id\":\"https:\/\/rarn.usac.edu.gt\/razones-de-la-tardia-fundacion-de-la-universidad-de-san-carlos-de-guatemala\/#breadcrumb\",\"itemListElement\":[{\"@type\":\"ListItem\",\"position\":1,\"name\":\"Portada\",\"item\":\"https:\/\/rarn.usac.edu.gt\/\"},{\"@type\":\"ListItem\",\"position\":2,\"name\":\"Razones de la tard\u00eda fundaci\u00f3n de la Universidad de San Carlos de Guatemala\"}]},{\"@type\":\"WebSite\",\"@id\":\"https:\/\/rarn.usac.edu.gt\/#website\",\"url\":\"https:\/\/rarn.usac.edu.gt\/\",\"name\":\"An\u00e1lisis de la Realidad Nacional\",\"description\":\"Revista An\u00e1lisis de la Realidad Nacional\",\"publisher\":{\"@id\":\"https:\/\/rarn.usac.edu.gt\/#organization\"},\"potentialAction\":[{\"@type\":\"SearchAction\",\"target\":{\"@type\":\"EntryPoint\",\"urlTemplate\":\"https:\/\/rarn.usac.edu.gt\/?s={search_term_string}\"},\"query-input\":{\"@type\":\"PropertyValueSpecification\",\"valueRequired\":true,\"valueName\":\"search_term_string\"}}],\"inLanguage\":\"en-US\"},{\"@type\":\"Organization\",\"@id\":\"https:\/\/rarn.usac.edu.gt\/#organization\",\"name\":\"An\u00e1lisis de la Realidad Nacional\",\"url\":\"https:\/\/rarn.usac.edu.gt\/\",\"logo\":{\"@type\":\"ImageObject\",\"inLanguage\":\"en-US\",\"@id\":\"https:\/\/rarn.usac.edu.gt\/#\/schema\/logo\/image\/\",\"url\":\"https:\/\/rarn.usac.edu.gt\/wp-content\/uploads\/2023\/11\/Main_Banner.png\",\"contentUrl\":\"https:\/\/rarn.usac.edu.gt\/wp-content\/uploads\/2023\/11\/Main_Banner.png\",\"width\":1920,\"height\":300,\"caption\":\"An\u00e1lisis de la Realidad Nacional\"},\"image\":{\"@id\":\"https:\/\/rarn.usac.edu.gt\/#\/schema\/logo\/image\/\"}}]}<\/script>\n<!-- \/ Yoast SEO plugin. -->","yoast_head_json":{"title":"Razones de la tard\u00eda fundaci\u00f3n de la Universidad de San Carlos de Guatemala - An\u00e1lisis de la Realidad Nacional","robots":{"index":"index","follow":"follow","max-snippet":"max-snippet:-1","max-image-preview":"max-image-preview:large","max-video-preview":"max-video-preview:-1"},"canonical":"https:\/\/rarn.usac.edu.gt\/en\/razones-de-la-tardia-fundacion-de-la-universidad-de-san-carlos-de-guatemala\/","og_locale":"en_US","og_type":"article","og_title":"Razones de la tard\u00eda fundaci\u00f3n de la Universidad de San Carlos de Guatemala - An\u00e1lisis de la Realidad Nacional","og_url":"https:\/\/rarn.usac.edu.gt\/en\/razones-de-la-tardia-fundacion-de-la-universidad-de-san-carlos-de-guatemala\/","og_site_name":"An\u00e1lisis de la Realidad Nacional","article_modified_time":"2024-01-30T21:16:50+00:00","og_image":[{"width":1181,"height":1002,"url":"https:\/\/rarn.usac.edu.gt\/wp-content\/uploads\/2024\/01\/Debate-Mejia-scaled-e1706649023703.jpg","type":"image\/jpeg"}],"twitter_card":"summary_large_image","twitter_misc":{"Est. reading time":"1 minute"},"schema":{"@context":"https:\/\/schema.org","@graph":[{"@type":"WebPage","@id":"https:\/\/rarn.usac.edu.gt\/razones-de-la-tardia-fundacion-de-la-universidad-de-san-carlos-de-guatemala\/","url":"https:\/\/rarn.usac.edu.gt\/razones-de-la-tardia-fundacion-de-la-universidad-de-san-carlos-de-guatemala\/","name":"Razones de la tard\u00eda fundaci\u00f3n de la Universidad de San Carlos de Guatemala - An\u00e1lisis de la Realidad Nacional","isPartOf":{"@id":"https:\/\/rarn.usac.edu.gt\/#website"},"primaryImageOfPage":{"@id":"https:\/\/rarn.usac.edu.gt\/razones-de-la-tardia-fundacion-de-la-universidad-de-san-carlos-de-guatemala\/#primaryimage"},"image":{"@id":"https:\/\/rarn.usac.edu.gt\/razones-de-la-tardia-fundacion-de-la-universidad-de-san-carlos-de-guatemala\/#primaryimage"},"thumbnailUrl":"https:\/\/rarn.usac.edu.gt\/wp-content\/uploads\/2024\/01\/Debate-Mejia-scaled-e1706649023703.jpg","datePublished":"2024-02-01T21:08:21+00:00","dateModified":"2024-01-30T21:16:50+00:00","breadcrumb":{"@id":"https:\/\/rarn.usac.edu.gt\/razones-de-la-tardia-fundacion-de-la-universidad-de-san-carlos-de-guatemala\/#breadcrumb"},"inLanguage":"en-US","potentialAction":[{"@type":"ReadAction","target":["https:\/\/rarn.usac.edu.gt\/razones-de-la-tardia-fundacion-de-la-universidad-de-san-carlos-de-guatemala\/"]}]},{"@type":"ImageObject","inLanguage":"en-US","@id":"https:\/\/rarn.usac.edu.gt\/razones-de-la-tardia-fundacion-de-la-universidad-de-san-carlos-de-guatemala\/#primaryimage","url":"https:\/\/rarn.usac.edu.gt\/wp-content\/uploads\/2024\/01\/Debate-Mejia-scaled-e1706649023703.jpg","contentUrl":"https:\/\/rarn.usac.edu.gt\/wp-content\/uploads\/2024\/01\/Debate-Mejia-scaled-e1706649023703.jpg","width":1181,"height":1002},{"@type":"BreadcrumbList","@id":"https:\/\/rarn.usac.edu.gt\/razones-de-la-tardia-fundacion-de-la-universidad-de-san-carlos-de-guatemala\/#breadcrumb","itemListElement":[{"@type":"ListItem","position":1,"name":"Portada","item":"https:\/\/rarn.usac.edu.gt\/"},{"@type":"ListItem","position":2,"name":"Razones de la tard\u00eda fundaci\u00f3n de la Universidad de San Carlos de Guatemala"}]},{"@type":"WebSite","@id":"https:\/\/rarn.usac.edu.gt\/#website","url":"https:\/\/rarn.usac.edu.gt\/","name":"An\u00e1lisis de la Realidad Nacional","description":"Revista An\u00e1lisis de la Realidad Nacional","publisher":{"@id":"https:\/\/rarn.usac.edu.gt\/#organization"},"potentialAction":[{"@type":"SearchAction","target":{"@type":"EntryPoint","urlTemplate":"https:\/\/rarn.usac.edu.gt\/?s={search_term_string}"},"query-input":{"@type":"PropertyValueSpecification","valueRequired":true,"valueName":"search_term_string"}}],"inLanguage":"en-US"},{"@type":"Organization","@id":"https:\/\/rarn.usac.edu.gt\/#organization","name":"An\u00e1lisis de la Realidad Nacional","url":"https:\/\/rarn.usac.edu.gt\/","logo":{"@type":"ImageObject","inLanguage":"en-US","@id":"https:\/\/rarn.usac.edu.gt\/#\/schema\/logo\/image\/","url":"https:\/\/rarn.usac.edu.gt\/wp-content\/uploads\/2023\/11\/Main_Banner.png","contentUrl":"https:\/\/rarn.usac.edu.gt\/wp-content\/uploads\/2023\/11\/Main_Banner.png","width":1920,"height":300,"caption":"An\u00e1lisis de la Realidad Nacional"},"image":{"@id":"https:\/\/rarn.usac.edu.gt\/#\/schema\/logo\/image\/"}}]}},"post_mailing_queue_ids":[],"_links":{"self":[{"href":"https:\/\/rarn.usac.edu.gt\/en\/wp-json\/wp\/v2\/pages\/1422","targetHints":{"allow":["GET"]}}],"collection":[{"href":"https:\/\/rarn.usac.edu.gt\/en\/wp-json\/wp\/v2\/pages"}],"about":[{"href":"https:\/\/rarn.usac.edu.gt\/en\/wp-json\/wp\/v2\/types\/page"}],"author":[{"embeddable":true,"href":"https:\/\/rarn.usac.edu.gt\/en\/wp-json\/wp\/v2\/users\/1"}],"replies":[{"embeddable":true,"href":"https:\/\/rarn.usac.edu.gt\/en\/wp-json\/wp\/v2\/comments?post=1422"}],"version-history":[{"count":1,"href":"https:\/\/rarn.usac.edu.gt\/en\/wp-json\/wp\/v2\/pages\/1422\/revisions"}],"predecessor-version":[{"id":1423,"href":"https:\/\/rarn.usac.edu.gt\/en\/wp-json\/wp\/v2\/pages\/1422\/revisions\/1423"}],"wp:featuredmedia":[{"embeddable":true,"href":"https:\/\/rarn.usac.edu.gt\/en\/wp-json\/wp\/v2\/media\/1380"}],"wp:attachment":[{"href":"https:\/\/rarn.usac.edu.gt\/en\/wp-json\/wp\/v2\/media?parent=1422"}],"curies":[{"name":"wp","href":"https:\/\/api.w.org\/{rel}","templated":true}]}}